{"id":137,"date":"2021-05-12T11:37:28","date_gmt":"2021-05-12T11:37:28","guid":{"rendered":"http:\/\/inpulse-studio.com\/index.php\/services\/"},"modified":"2021-10-26T12:14:03","modified_gmt":"2021-10-26T12:14:03","slug":"services","status":"publish","type":"page","link":"https:\/\/inpulse-studio.com\/index.php\/services\/","title":{"rendered":"Nos formations"},"content":{"rendered":"\t\t<div data-elementor-type=\"wp-page\" data-elementor-id=\"137\" class=\"elementor elementor-137\">\n\t\t\t\t\t\t<section class=\"elementor-section elementor-top-section elementor-element elementor-element-3cb2a8bf elementor-section-boxed elementor-section-height-default elementor-section-height-default\" data-id=\"3cb2a8bf\" data-element_type=\"section\" data-e-type=\"section\" data-settings=\"{&quot;background_background&quot;:&quot;classic&quot;}\">\n\t\t\t\t\t\t<div class=\"elementor-container elementor-column-gap-default\">\n\t\t\t\t\t<div class=\"elementor-column elementor-col-100 elementor-top-column elementor-element elementor-element-72de684a\" data-id=\"72de684a\" data-element_type=\"column\" data-e-type=\"column\">\n\t\t\t<div class=\"elementor-widget-wrap elementor-element-populated\">\n\t\t\t\t\t\t<section class=\"elementor-section elementor-inner-section elementor-element elementor-element-c7af5f2 elementor-section-boxed elementor-section-height-default elementor-section-height-default\" data-id=\"c7af5f2\" data-element_type=\"section\" data-e-type=\"section\" data-settings=\"{&quot;background_background&quot;:&quot;classic&quot;}\">\n\t\t\t\t\t\t<div class=\"elementor-container elementor-column-gap-default\">\n\t\t\t\t\t<div class=\"elementor-column elementor-col-100 elementor-inner-column elementor-element elementor-element-5af3ad3b\" data-id=\"5af3ad3b\" data-element_type=\"column\" data-e-type=\"column\">\n\t\t\t<div class=\"elementor-widget-wrap elementor-element-populated\">\n\t\t\t\t\t\t<div class=\"elementor-element elementor-element-e8f7159 elementor-widget elementor-widget-heading\" data-id=\"e8f7159\" data-element_type=\"widget\" data-e-type=\"widget\" data-widget_type=\"heading.default\">\n\t\t\t\t<div class=\"elementor-widget-container\">\n\t\t\t\t\t<h3 class=\"elementor-heading-title elementor-size-default\">Pr\u00eat \u00e0 devenir pro ?<\/h3>\t\t\t\t<\/div>\n\t\t\t\t<\/div>\n\t\t\t\t<div class=\"elementor-element elementor-element-d98e43b elementor-widget-divider--view-line elementor-widget elementor-widget-divider\" data-id=\"d98e43b\" data-element_type=\"widget\" data-e-type=\"widget\" data-widget_type=\"divider.default\">\n\t\t\t\t<div class=\"elementor-widget-container\">\n\t\t\t\t\t\t\t<div class=\"elementor-divider\">\n\t\t\t<span class=\"elementor-divider-separator\">\n\t\t\t\t\t\t<\/span>\n\t\t<\/div>\n\t\t\t\t\t\t<\/div>\n\t\t\t\t<\/div>\n\t\t\t\t<div class=\"elementor-element elementor-element-381ab4e6 elementor-widget elementor-widget-heading\" data-id=\"381ab4e6\" data-element_type=\"widget\" data-e-type=\"widget\" data-widget_type=\"heading.default\">\n\t\t\t\t<div class=\"elementor-widget-container\">\n\t\t\t\t\t<h1 class=\"elementor-heading-title elementor-size-default\">Nos formations<\/h1>\t\t\t\t<\/div>\n\t\t\t\t<\/div>\n\t\t\t\t\t<\/div>\n\t\t<\/div>\n\t\t\t\t\t<\/div>\n\t\t<\/section>\n\t\t\t\t<section class=\"elementor-section elementor-inner-section elementor-element elementor-element-50d46ed7 elementor-section-boxed elementor-section-height-default elementor-section-height-default\" data-id=\"50d46ed7\" data-element_type=\"section\" data-e-type=\"section\">\n\t\t\t\t\t\t<div class=\"elementor-container elementor-column-gap-default\">\n\t\t\t\t\t<div class=\"elementor-column elementor-col-100 elementor-inner-column elementor-element elementor-element-28711fad\" data-id=\"28711fad\" data-element_type=\"column\" data-e-type=\"column\">\n\t\t\t<div class=\"elementor-widget-wrap elementor-element-populated\">\n\t\t\t\t\t\t<div class=\"elementor-element elementor-element-6913efa7 elementor-widget elementor-widget-heading\" data-id=\"6913efa7\" data-element_type=\"widget\" data-e-type=\"widget\" data-widget_type=\"heading.default\">\n\t\t\t\t<div class=\"elementor-widget-container\">\n\t\t\t\t\t<h3 class=\"elementor-heading-title elementor-size-default\">Des le\u00e7ons structur\u00e9es pour chaque niveau<\/h3>\t\t\t\t<\/div>\n\t\t\t\t<\/div>\n\t\t\t\t<div class=\"elementor-element elementor-element-402455f2 elementor-widget elementor-widget-text-editor\" data-id=\"402455f2\" data-element_type=\"widget\" data-e-type=\"widget\" data-widget_type=\"text-editor.default\">\n\t\t\t\t<div class=\"elementor-widget-container\">\n\t\t\t\t\t\t\t\t\t<p>Que tu sois d\u00e9butant ou d\u00e9j\u00e0 \u00e0 un niveau avanc\u00e9, nos formations sont divis\u00e9es en diff\u00e9rents modules que tu peux choisir \u00e0 la carte.<\/p>\t\t\t\t\t\t\t\t<\/div>\n\t\t\t\t<\/div>\n\t\t\t\t<div class=\"elementor-element elementor-element-392b5926 elementor-widget__width-auto elementor-widget-tablet__width-auto elementor-hidden-mobile elementor-widget elementor-widget-heading\" data-id=\"392b5926\" data-element_type=\"widget\" data-e-type=\"widget\" data-widget_type=\"heading.default\">\n\t\t\t\t<div class=\"elementor-widget-container\">\n\t\t\t\t\t<h3 class=\"elementor-heading-title elementor-size-default\"><a href=\"#\">D\u00e9butant<\/a><\/h3>\t\t\t\t<\/div>\n\t\t\t\t<\/div>\n\t\t\t\t<div class=\"elementor-element elementor-element-19ff56ba elementor-widget__width-auto elementor-widget-tablet__width-auto elementor-hidden-mobile elementor-widget elementor-widget-heading\" data-id=\"19ff56ba\" data-element_type=\"widget\" data-e-type=\"widget\" data-widget_type=\"heading.default\">\n\t\t\t\t<div class=\"elementor-widget-container\">\n\t\t\t\t\t<h3 class=\"elementor-heading-title elementor-size-default\"><a href=\"#\">Interm\u00e9diaire<\/a><\/h3>\t\t\t\t<\/div>\n\t\t\t\t<\/div>\n\t\t\t\t<div class=\"elementor-element elementor-element-7a094cf9 elementor-widget__width-auto elementor-widget-tablet__width-auto elementor-hidden-mobile elementor-widget elementor-widget-heading\" data-id=\"7a094cf9\" data-element_type=\"widget\" data-e-type=\"widget\" data-widget_type=\"heading.default\">\n\t\t\t\t<div class=\"elementor-widget-container\">\n\t\t\t\t\t<h3 class=\"elementor-heading-title elementor-size-default\"><a href=\"#\">Expert<\/a><\/h3>\t\t\t\t<\/div>\n\t\t\t\t<\/div>\n\t\t\t\t\t<\/div>\n\t\t<\/div>\n\t\t\t\t\t<\/div>\n\t\t<\/section>\n\t\t\t\t<section class=\"elementor-section elementor-inner-section elementor-element elementor-element-30d3d90 elementor-section-boxed elementor-section-height-default elementor-section-height-default\" data-id=\"30d3d90\" data-element_type=\"section\" data-e-type=\"section\">\n\t\t\t\t\t\t<div class=\"elementor-container elementor-column-gap-default\">\n\t\t\t\t\t<div class=\"elementor-column elementor-col-50 elementor-inner-column elementor-element elementor-element-1713310\" data-id=\"1713310\" data-element_type=\"column\" data-e-type=\"column\" data-settings=\"{&quot;background_background&quot;:&quot;classic&quot;}\">\n\t\t\t<div class=\"elementor-widget-wrap elementor-element-populated\">\n\t\t\t\t\t<div class=\"elementor-background-overlay\"><\/div>\n\t\t\t\t\t\t<div class=\"elementor-element elementor-element-76c0eaa elementor-widget elementor-widget-spacer\" data-id=\"76c0eaa\" data-element_type=\"widget\" data-e-type=\"widget\" data-widget_type=\"spacer.default\">\n\t\t\t\t<div class=\"elementor-widget-container\">\n\t\t\t\t\t\t\t<div class=\"elementor-spacer\">\n\t\t\t<div class=\"elementor-spacer-inner\"><\/div>\n\t\t<\/div>\n\t\t\t\t\t\t<\/div>\n\t\t\t\t<\/div>\n\t\t\t\t<div class=\"elementor-element elementor-element-61714c0 elementor-widget elementor-widget-heading\" data-id=\"61714c0\" data-element_type=\"widget\" data-e-type=\"widget\" data-settings=\"{&quot;_animation&quot;:&quot;none&quot;}\" data-widget_type=\"heading.default\">\n\t\t\t\t<div class=\"elementor-widget-container\">\n\t\t\t\t\t<h3 class=\"elementor-heading-title elementor-size-default\"><a href=\"https:\/\/www.inpulse-studio.com\/index.php\/formation-production\/\">Formation<br>Production<\/a><\/h3>\t\t\t\t<\/div>\n\t\t\t\t<\/div>\n\t\t\t\t<div class=\"elementor-element elementor-element-13516a0 elementor-widget elementor-widget-spacer\" data-id=\"13516a0\" data-element_type=\"widget\" data-e-type=\"widget\" data-widget_type=\"spacer.default\">\n\t\t\t\t<div class=\"elementor-widget-container\">\n\t\t\t\t\t\t\t<div class=\"elementor-spacer\">\n\t\t\t<div class=\"elementor-spacer-inner\"><\/div>\n\t\t<\/div>\n\t\t\t\t\t\t<\/div>\n\t\t\t\t<\/div>\n\t\t\t\t<div class=\"elementor-element elementor-element-c969557 elementor-widget-tablet__width-inherit elementor-widget elementor-widget-heading\" data-id=\"c969557\" data-element_type=\"widget\" data-e-type=\"widget\" data-widget_type=\"heading.default\">\n\t\t\t\t<div class=\"elementor-widget-container\">\n\t\t\t\t\t<h3 class=\"elementor-heading-title elementor-size-default\"><a href=\"https:\/\/www.inpulse-studio.com\/index.php\/formation-production\/\">\u2014 En savoir plus<\/a><\/h3>\t\t\t\t<\/div>\n\t\t\t\t<\/div>\n\t\t\t\t\t<\/div>\n\t\t<\/div>\n\t\t\t\t<div class=\"elementor-column elementor-col-50 elementor-inner-column elementor-element elementor-element-01ac61b\" data-id=\"01ac61b\" data-element_type=\"column\" data-e-type=\"column\" data-settings=\"{&quot;background_background&quot;:&quot;classic&quot;}\">\n\t\t\t<div class=\"elementor-widget-wrap elementor-element-populated\">\n\t\t\t\t\t<div class=\"elementor-background-overlay\"><\/div>\n\t\t\t\t\t\t<div class=\"elementor-element elementor-element-2b5e8dc elementor-widget elementor-widget-spacer\" data-id=\"2b5e8dc\" data-element_type=\"widget\" data-e-type=\"widget\" data-widget_type=\"spacer.default\">\n\t\t\t\t<div class=\"elementor-widget-container\">\n\t\t\t\t\t\t\t<div class=\"elementor-spacer\">\n\t\t\t<div class=\"elementor-spacer-inner\"><\/div>\n\t\t<\/div>\n\t\t\t\t\t\t<\/div>\n\t\t\t\t<\/div>\n\t\t\t\t<div class=\"elementor-element elementor-element-40e706d elementor-widget elementor-widget-heading\" data-id=\"40e706d\" data-element_type=\"widget\" data-e-type=\"widget\" data-settings=\"{&quot;_animation&quot;:&quot;none&quot;}\" data-widget_type=\"heading.default\">\n\t\t\t\t<div class=\"elementor-widget-container\">\n\t\t\t\t\t<h3 class=\"elementor-heading-title elementor-size-default\"><a href=\"https:\/\/www.inpulse-studio.com\/index.php\/formation-production\/\">Formation<br>DJ<\/a><\/h3>\t\t\t\t<\/div>\n\t\t\t\t<\/div>\n\t\t\t\t<div class=\"elementor-element elementor-element-cfb38b4 elementor-widget elementor-widget-spacer\" data-id=\"cfb38b4\" data-element_type=\"widget\" data-e-type=\"widget\" data-widget_type=\"spacer.default\">\n\t\t\t\t<div class=\"elementor-widget-container\">\n\t\t\t\t\t\t\t<div class=\"elementor-spacer\">\n\t\t\t<div class=\"elementor-spacer-inner\"><\/div>\n\t\t<\/div>\n\t\t\t\t\t\t<\/div>\n\t\t\t\t<\/div>\n\t\t\t\t<div class=\"elementor-element elementor-element-aff8f04 elementor-widget-tablet__width-inherit elementor-widget elementor-widget-heading\" data-id=\"aff8f04\" data-element_type=\"widget\" data-e-type=\"widget\" data-widget_type=\"heading.default\">\n\t\t\t\t<div class=\"elementor-widget-container\">\n\t\t\t\t\t<h3 class=\"elementor-heading-title elementor-size-default\"><a href=\"https:\/\/www.inpulse-studio.com\/index.php\/formation-dj\/\">\u2014 En savoir plus<\/a><\/h3>\t\t\t\t<\/div>\n\t\t\t\t<\/div>\n\t\t\t\t\t<\/div>\n\t\t<\/div>\n\t\t\t\t\t<\/div>\n\t\t<\/section>\n\t\t\t\t<section class=\"elementor-section elementor-inner-section elementor-element elementor-element-1c7f9998 elementor-section-boxed elementor-section-height-default elementor-section-height-default\" data-id=\"1c7f9998\" data-element_type=\"section\" data-e-type=\"section\">\n\t\t\t\t\t\t<div class=\"elementor-container elementor-column-gap-default\">\n\t\t\t\t\t<div class=\"elementor-column elementor-col-100 elementor-inner-column elementor-element elementor-element-49f00d05\" data-id=\"49f00d05\" data-element_type=\"column\" data-e-type=\"column\">\n\t\t\t<div class=\"elementor-widget-wrap elementor-element-populated\">\n\t\t\t\t\t\t<div class=\"elementor-element elementor-element-86a0666 elementor-widget elementor-widget-spacer\" data-id=\"86a0666\" data-element_type=\"widget\" data-e-type=\"widget\" data-widget_type=\"spacer.default\">\n\t\t\t\t<div class=\"elementor-widget-container\">\n\t\t\t\t\t\t\t<div class=\"elementor-spacer\">\n\t\t\t<div class=\"elementor-spacer-inner\"><\/div>\n\t\t<\/div>\n\t\t\t\t\t\t<\/div>\n\t\t\t\t<\/div>\n\t\t\t\t<div class=\"elementor-element elementor-element-643fbb69 elementor-widget elementor-widget-heading\" data-id=\"643fbb69\" data-element_type=\"widget\" data-e-type=\"widget\" data-widget_type=\"heading.default\">\n\t\t\t\t<div class=\"elementor-widget-container\">\n\t\t\t\t\t<h3 class=\"elementor-heading-title elementor-size-default\">Tu ne sais pas quel niveau tu as? <\/h3>\t\t\t\t<\/div>\n\t\t\t\t<\/div>\n\t\t\t\t<div class=\"elementor-element elementor-element-223e4633 elementor-widget elementor-widget-heading\" data-id=\"223e4633\" data-element_type=\"widget\" data-e-type=\"widget\" data-widget_type=\"heading.default\">\n\t\t\t\t<div class=\"elementor-widget-container\">\n\t\t\t\t\t<h3 class=\"elementor-heading-title elementor-size-default\">Contacte nous et nous d\u00e9finirons ensemble ton niveau.<\/h3>\t\t\t\t<\/div>\n\t\t\t\t<\/div>\n\t\t\t\t<div class=\"elementor-element elementor-element-73fc9bf9 elementor-align-center elementor-mobile-align-justify elementor-widget__width-auto elementor-widget elementor-widget-button\" data-id=\"73fc9bf9\" data-element_type=\"widget\" data-e-type=\"widget\" data-widget_type=\"button.default\">\n\t\t\t\t<div class=\"elementor-widget-container\">\n\t\t\t\t\t\t\t\t\t<div class=\"elementor-button-wrapper\">\n\t\t\t\t\t<a class=\"elementor-button elementor-button-link elementor-size-sm elementor-animation-shrink\" href=\"https:\/\/www.inpulse-studio.com\/index.php\/contact\/\">\n\t\t\t\t\t\t<span class=\"elementor-button-content-wrapper\">\n\t\t\t\t\t\t\t\t\t<span class=\"elementor-button-text\">Nous contacter<\/span>\n\t\t\t\t\t<\/span>\n\t\t\t\t\t<\/a>\n\t\t\t\t<\/div>\n\t\t\t\t\t\t\t\t<\/div>\n\t\t\t\t<\/div>\n\t\t\t\t\t<\/div>\n\t\t<\/div>\n\t\t\t\t\t<\/div>\n\t\t<\/section>\n\t\t\t\t\t<\/div>\n\t\t<\/div>\n\t\t\t\t\t<\/div>\n\t\t<\/section>\n\t\t\t\t<\/div>\n\t\t","protected":false},"excerpt":{"rendered":"<p>Pr\u00eat \u00e0 devenir pro ? Nos formations Des le\u00e7ons structur\u00e9es pour chaque niveau Que tu sois d\u00e9butant ou d\u00e9j\u00e0 \u00e0 un niveau avanc\u00e9, nos formations sont divis\u00e9es en diff\u00e9rents modules que tu peux choisir \u00e0 la carte. D\u00e9butant Interm\u00e9diaire Expert FormationProduction \u2014 En savoir plus FormationDJ \u2014 En savoir plus Tu ne sais pas quel&#8230;<\/p>\n","protected":false},"author":1,"featured_media":0,"parent":0,"menu_order":0,"comment_status":"closed","ping_status":"closed","template":"","meta":{"_monsterinsights_skip_tracking":false,"_monsterinsights_sitenote_active":false,"_monsterinsights_sitenote_note":"","_monsterinsights_sitenote_category":0,"_kad_post_transparent":"","_kad_post_title":"","_kad_post_layout":"","_kad_post_sidebar_id":"","_kad_post_content_style":"","_kad_post_vertical_padding":"","_kad_post_feature":"","_kad_post_feature_position":"","_kad_post_header":false,"_kad_post_footer":false,"footnotes":""},"class_list":["post-137","page","type-page","status-publish","hentry"],"yoast_head":"<!-- This site is optimized with the Yoast SEO plugin v26.8 - https:\/\/yoast.com\/product\/yoast-seo-wordpress\/ -->\n<title>Nos formations - inpulse-studio.com<\/title>\n<meta name=\"robots\" content=\"index, follow, max-snippet:-1, max-image-preview:large, max-video-preview:-1\" \/>\n<link rel=\"canonical\" href=\"https:\/\/inpulse-studio.com\/index.php\/services\/\" \/>\n<meta property=\"og:locale\" content=\"fr_FR\" \/>\n<meta property=\"og:type\" content=\"article\" \/>\n<meta property=\"og:title\" content=\"Nos formations - inpulse-studio.com\" \/>\n<meta property=\"og:description\" content=\"Pr\u00eat \u00e0 devenir pro ? Nos formations Des le\u00e7ons structur\u00e9es pour chaque niveau Que tu sois d\u00e9butant ou d\u00e9j\u00e0 \u00e0 un niveau avanc\u00e9, nos formations sont divis\u00e9es en diff\u00e9rents modules que tu peux choisir \u00e0 la carte. D\u00e9butant Interm\u00e9diaire Expert FormationProduction \u2014 En savoir plus FormationDJ \u2014 En savoir plus Tu ne sais pas quel...\" \/>\n<meta property=\"og:url\" content=\"https:\/\/inpulse-studio.com\/index.php\/services\/\" \/>\n<meta property=\"og:site_name\" content=\"inpulse-studio.com\" \/>\n<meta property=\"article:publisher\" content=\"https:\/\/www.facebook.com\/inpulsestudioparis\" \/>\n<meta property=\"article:modified_time\" content=\"2021-10-26T12:14:03+00:00\" \/>\n<meta name=\"twitter:card\" content=\"summary_large_image\" \/>\n<meta name=\"twitter:label1\" content=\"Dur\u00e9e de lecture estim\u00e9e\" \/>\n\t<meta name=\"twitter:data1\" content=\"2 minutes\" \/>\n<script type=\"application\/ld+json\" class=\"yoast-schema-graph\">{\"@context\":\"https:\/\/schema.org\",\"@graph\":[{\"@type\":\"WebPage\",\"@id\":\"https:\/\/inpulse-studio.com\/index.php\/services\/\",\"url\":\"https:\/\/inpulse-studio.com\/index.php\/services\/\",\"name\":\"Nos formations - inpulse-studio.com\",\"isPartOf\":{\"@id\":\"https:\/\/inpulse-studio.com\/#website\"},\"datePublished\":\"2021-05-12T11:37:28+00:00\",\"dateModified\":\"2021-10-26T12:14:03+00:00\",\"breadcrumb\":{\"@id\":\"https:\/\/inpulse-studio.com\/index.php\/services\/#breadcrumb\"},\"inLanguage\":\"fr-FR\",\"potentialAction\":[{\"@type\":\"ReadAction\",\"target\":[\"https:\/\/inpulse-studio.com\/index.php\/services\/\"]}]},{\"@type\":\"BreadcrumbList\",\"@id\":\"https:\/\/inpulse-studio.com\/index.php\/services\/#breadcrumb\",\"itemListElement\":[{\"@type\":\"ListItem\",\"position\":1,\"name\":\"Accueil\",\"item\":\"https:\/\/inpulse-studio.com\/\"},{\"@type\":\"ListItem\",\"position\":2,\"name\":\"Nos formations\"}]},{\"@type\":\"WebSite\",\"@id\":\"https:\/\/inpulse-studio.com\/#website\",\"url\":\"https:\/\/inpulse-studio.com\/\",\"name\":\"inpulse-studio.com\",\"description\":\"Studio d&#039;enregistrement\",\"publisher\":{\"@id\":\"https:\/\/inpulse-studio.com\/#organization\"},\"potentialAction\":[{\"@type\":\"SearchAction\",\"target\":{\"@type\":\"EntryPoint\",\"urlTemplate\":\"https:\/\/inpulse-studio.com\/?s={search_term_string}\"},\"query-input\":{\"@type\":\"PropertyValueSpecification\",\"valueRequired\":true,\"valueName\":\"search_term_string\"}}],\"inLanguage\":\"fr-FR\"},{\"@type\":\"Organization\",\"@id\":\"https:\/\/inpulse-studio.com\/#organization\",\"name\":\"Inpulse Studio\",\"url\":\"https:\/\/inpulse-studio.com\/\",\"logo\":{\"@type\":\"ImageObject\",\"inLanguage\":\"fr-FR\",\"@id\":\"https:\/\/inpulse-studio.com\/#\/schema\/logo\/image\/\",\"url\":\"https:\/\/www.inpulse-studio.com\/wp-content\/uploads\/2021\/10\/Sans-titre-5-1.jpg\",\"contentUrl\":\"https:\/\/www.inpulse-studio.com\/wp-content\/uploads\/2021\/10\/Sans-titre-5-1.jpg\",\"width\":1181,\"height\":1181,\"caption\":\"Inpulse Studio\"},\"image\":{\"@id\":\"https:\/\/inpulse-studio.com\/#\/schema\/logo\/image\/\"},\"sameAs\":[\"https:\/\/www.facebook.com\/inpulsestudioparis\",\"https:\/\/www.instagram.com\/inpulsestudioparis\/\"]}]}<\/script>\n<!-- \/ Yoast SEO plugin. -->","yoast_head_json":{"title":"Nos formations - inpulse-studio.com","robots":{"index":"index","follow":"follow","max-snippet":"max-snippet:-1","max-image-preview":"max-image-preview:large","max-video-preview":"max-video-preview:-1"},"canonical":"https:\/\/inpulse-studio.com\/index.php\/services\/","og_locale":"fr_FR","og_type":"article","og_title":"Nos formations - inpulse-studio.com","og_description":"Pr\u00eat \u00e0 devenir pro ? Nos formations Des le\u00e7ons structur\u00e9es pour chaque niveau Que tu sois d\u00e9butant ou d\u00e9j\u00e0 \u00e0 un niveau avanc\u00e9, nos formations sont divis\u00e9es en diff\u00e9rents modules que tu peux choisir \u00e0 la carte. D\u00e9butant Interm\u00e9diaire Expert FormationProduction \u2014 En savoir plus FormationDJ \u2014 En savoir plus Tu ne sais pas quel...","og_url":"https:\/\/inpulse-studio.com\/index.php\/services\/","og_site_name":"inpulse-studio.com","article_publisher":"https:\/\/www.facebook.com\/inpulsestudioparis","article_modified_time":"2021-10-26T12:14:03+00:00","twitter_card":"summary_large_image","twitter_misc":{"Dur\u00e9e de lecture estim\u00e9e":"2 minutes"},"schema":{"@context":"https:\/\/schema.org","@graph":[{"@type":"WebPage","@id":"https:\/\/inpulse-studio.com\/index.php\/services\/","url":"https:\/\/inpulse-studio.com\/index.php\/services\/","name":"Nos formations - inpulse-studio.com","isPartOf":{"@id":"https:\/\/inpulse-studio.com\/#website"},"datePublished":"2021-05-12T11:37:28+00:00","dateModified":"2021-10-26T12:14:03+00:00","breadcrumb":{"@id":"https:\/\/inpulse-studio.com\/index.php\/services\/#breadcrumb"},"inLanguage":"fr-FR","potentialAction":[{"@type":"ReadAction","target":["https:\/\/inpulse-studio.com\/index.php\/services\/"]}]},{"@type":"BreadcrumbList","@id":"https:\/\/inpulse-studio.com\/index.php\/services\/#breadcrumb","itemListElement":[{"@type":"ListItem","position":1,"name":"Accueil","item":"https:\/\/inpulse-studio.com\/"},{"@type":"ListItem","position":2,"name":"Nos formations"}]},{"@type":"WebSite","@id":"https:\/\/inpulse-studio.com\/#website","url":"https:\/\/inpulse-studio.com\/","name":"inpulse-studio.com","description":"Studio d&#039;enregistrement","publisher":{"@id":"https:\/\/inpulse-studio.com\/#organization"},"potentialAction":[{"@type":"SearchAction","target":{"@type":"EntryPoint","urlTemplate":"https:\/\/inpulse-studio.com\/?s={search_term_string}"},"query-input":{"@type":"PropertyValueSpecification","valueRequired":true,"valueName":"search_term_string"}}],"inLanguage":"fr-FR"},{"@type":"Organization","@id":"https:\/\/inpulse-studio.com\/#organization","name":"Inpulse Studio","url":"https:\/\/inpulse-studio.com\/","logo":{"@type":"ImageObject","inLanguage":"fr-FR","@id":"https:\/\/inpulse-studio.com\/#\/schema\/logo\/image\/","url":"https:\/\/www.inpulse-studio.com\/wp-content\/uploads\/2021\/10\/Sans-titre-5-1.jpg","contentUrl":"https:\/\/www.inpulse-studio.com\/wp-content\/uploads\/2021\/10\/Sans-titre-5-1.jpg","width":1181,"height":1181,"caption":"Inpulse Studio"},"image":{"@id":"https:\/\/inpulse-studio.com\/#\/schema\/logo\/image\/"},"sameAs":["https:\/\/www.facebook.com\/inpulsestudioparis","https:\/\/www.instagram.com\/inpulsestudioparis\/"]}]}},"jetpack_sharing_enabled":true,"_links":{"self":[{"href":"https:\/\/inpulse-studio.com\/index.php\/wp-json\/wp\/v2\/pages\/137","targetHints":{"allow":["GET"]}}],"collection":[{"href":"https:\/\/inpulse-studio.com\/index.php\/wp-json\/wp\/v2\/pages"}],"about":[{"href":"https:\/\/inpulse-studio.com\/index.php\/wp-json\/wp\/v2\/types\/page"}],"author":[{"embeddable":true,"href":"https:\/\/inpulse-studio.com\/index.php\/wp-json\/wp\/v2\/users\/1"}],"replies":[{"embeddable":true,"href":"https:\/\/inpulse-studio.com\/index.php\/wp-json\/wp\/v2\/comments?post=137"}],"version-history":[{"count":41,"href":"https:\/\/inpulse-studio.com\/index.php\/wp-json\/wp\/v2\/pages\/137\/revisions"}],"predecessor-version":[{"id":1485,"href":"https:\/\/inpulse-studio.com\/index.php\/wp-json\/wp\/v2\/pages\/137\/revisions\/1485"}],"wp:attachment":[{"href":"https:\/\/inpulse-studio.com\/index.php\/wp-json\/wp\/v2\/media?parent=137"}],"curies":[{"name":"wp","href":"https:\/\/api.w.org\/{rel}","templated":true}]}}